{"id":1136,"date":"2025-06-20T08:00:00","date_gmt":"2025-06-20T12:00:00","guid":{"rendered":"https:\/\/visitottawapasses.ca\/home-2"},"modified":"2026-03-31T15:37:03","modified_gmt":"2026-03-31T19:37:03","slug":"home-2","status":"publish","type":"page","link":"https:\/\/visitottawapasses.ca\/fr\/","title":{"rendered":"Home"},"content":{"rendered":"\n<h2 class=\"wp-block-heading has-text-align-center has-x-large-font-size\" style=\"margin-top:0\">Passes s\u00e9jour d&#8217;Ottawa<\/h2>\n\n\n\n<p class=\"has-text-align-center\">Les passes s\u00e9jour d&#8217;Ottawa sont un moyen abordable de d\u00e9couvrir les attractions et les activit\u00e9s les plus&nbsp;populaires&nbsp;d&#8217;Ottawa.<br>Choisissez votre passe et pr\u00e9parez-vous \u00e0 l&#8217;aventure, \u00e0 la d\u00e9couverte&nbsp;et&nbsp;au&nbsp;plaisir!<\/p>\n\n\n\n<h3 class=\"wp-block-heading\">Choisissez votre&nbsp;passe<\/h3>\n\n\n\n<div class=\"wp-block-columns is-layout-flex wp-container-core-columns-is-layout-28f84493 wp-block-columns-is-layout-flex\">\n<div class=\"wp-block-column panel-block d-flex flex-column is-layout-flow wp-block-column-is-layout-flow\">\n<figure class=\"wp-block-image size-large m-0\"><img loading=\"lazy\" decoding=\"async\" width=\"1024\" height=\"576\" src=\"https:\/\/visitottawapasses.ca\/wp-content\/uploads\/2026\/03\/visit-ottawa-passes-nov-templates2-1024x576.jpg\" alt=\"\" class=\"wp-image-3096\" srcset=\"https:\/\/visitottawapasses.ca\/wp-content\/uploads\/2026\/03\/visit-ottawa-passes-nov-templates2-1024x576.jpg 1024w, https:\/\/visitottawapasses.ca\/wp-content\/uploads\/2026\/03\/visit-ottawa-passes-nov-templates2-300x169.jpg 300w, https:\/\/visitottawapasses.ca\/wp-content\/uploads\/2026\/03\/visit-ottawa-passes-nov-templates2-768x432.jpg 768w, https:\/\/visitottawapasses.ca\/wp-content\/uploads\/2026\/03\/visit-ottawa-passes-nov-templates2-1536x864.jpg 1536w, https:\/\/visitottawapasses.ca\/wp-content\/uploads\/2026\/03\/visit-ottawa-passes-nov-templates2-2048x1152.jpg 2048w, https:\/\/visitottawapasses.ca\/wp-content\/uploads\/2026\/03\/visit-ottawa-passes-nov-templates2-180x101.jpg 180w, https:\/\/visitottawapasses.ca\/wp-content\/uploads\/2026\/03\/visit-ottawa-passes-nov-templates2-360x202.jpg 360w, https:\/\/visitottawapasses.ca\/wp-content\/uploads\/2026\/03\/visit-ottawa-passes-nov-templates2-540x304.jpg 540w, https:\/\/visitottawapasses.ca\/wp-content\/uploads\/2026\/03\/visit-ottawa-passes-nov-templates2-320x180.jpg 320w, https:\/\/visitottawapasses.ca\/wp-content\/uploads\/2026\/03\/visit-ottawa-passes-nov-templates2-640x360.jpg 640w, https:\/\/visitottawapasses.ca\/wp-content\/uploads\/2026\/03\/visit-ottawa-passes-nov-templates2-960x540.jpg 960w\" sizes=\"auto, (max-width: 1024px) 100vw, 1024px\" \/><\/figure>\n\n\n\n<div class=\"wp-block-group d-flex flex-column flex-fill has-white-background-color has-background is-content-justification-left is-layout-constrained wp-container-core-group-is-layout-7fb2ec9e wp-block-group-is-layout-constrained\" style=\"margin-top:0;margin-bottom:0;padding-top:var(--wp--preset--spacing--50);padding-right:var(--wp--preset--spacing--50);padding-bottom:var(--wp--preset--spacing--50);padding-left:var(--wp--preset--spacing--50)\">\n<h3 class=\"wp-block-heading has-red-darken-color has-text-color\"><a href=\"https:\/\/visitottawapasses.ca\/fr\/passe-sejour-dottawa\/\">Passe s\u00e9jour d&#8217;Ottawa<\/a><\/h3>\n\n\n\n<p>La Passe s\u00e9jour d\u2019Ottawa vous donne acc\u00e8s \u00e0 votre choix de cinq attractions\/exp\u00e9riences haut de gamme, ainsi qu\u2019\u00e0 d\u2019excellents rabais sur une vari\u00e9t\u00e9 d\u2019attractions, de visites guid\u00e9es, de restaurants, de boutiques et de festivals&nbsp;participants&nbsp;!&nbsp;<\/p>\n\n\n\n<div class=\"wp-block-group flex-fill is-vertical is-layout-flex wp-container-core-group-is-layout-fed7e1b2 wp-block-group-is-layout-flex\">\n<div class=\"wp-block-buttons is-layout-flex wp-container-core-buttons-is-layout-9bedd9bf wp-block-buttons-is-layout-flex\">\n<div class=\"wp-block-button\" onclick=\"bwpcart.showAddToCart(event); return false;\" data-bwitemtype=\"deal\" data-bwitemid=\"5834\"><a class=\"wp-block-button__link has-red-darken-background-color has-background wp-element-button\" href=\"https:\/\/visitottawapasses.ca\/fr\/passe-sejour-dottawa\/\">En savoir plus<\/a><\/div>\n<\/div>\n<\/div>\n<\/div>\n<\/div>\n\n\n\n<div class=\"wp-block-column panel-block d-flex flex-column is-layout-flow wp-block-column-is-layout-flow\">\n<figure class=\"wp-block-image size-large\"><img loading=\"lazy\" decoding=\"async\" width=\"1024\" height=\"576\" src=\"https:\/\/visitottawapasses.ca\/wp-content\/uploads\/2026\/03\/visit-ottawa-passes-nov-templates4-1024x576.jpg\" alt=\"\" class=\"wp-image-3094\" srcset=\"https:\/\/visitottawapasses.ca\/wp-content\/uploads\/2026\/03\/visit-ottawa-passes-nov-templates4-1024x576.jpg 1024w, https:\/\/visitottawapasses.ca\/wp-content\/uploads\/2026\/03\/visit-ottawa-passes-nov-templates4-300x169.jpg 300w, https:\/\/visitottawapasses.ca\/wp-content\/uploads\/2026\/03\/visit-ottawa-passes-nov-templates4-768x432.jpg 768w, https:\/\/visitottawapasses.ca\/wp-content\/uploads\/2026\/03\/visit-ottawa-passes-nov-templates4-1536x864.jpg 1536w, https:\/\/visitottawapasses.ca\/wp-content\/uploads\/2026\/03\/visit-ottawa-passes-nov-templates4-2048x1152.jpg 2048w, https:\/\/visitottawapasses.ca\/wp-content\/uploads\/2026\/03\/visit-ottawa-passes-nov-templates4-180x101.jpg 180w, https:\/\/visitottawapasses.ca\/wp-content\/uploads\/2026\/03\/visit-ottawa-passes-nov-templates4-360x202.jpg 360w, https:\/\/visitottawapasses.ca\/wp-content\/uploads\/2026\/03\/visit-ottawa-passes-nov-templates4-540x304.jpg 540w, https:\/\/visitottawapasses.ca\/wp-content\/uploads\/2026\/03\/visit-ottawa-passes-nov-templates4-320x180.jpg 320w, https:\/\/visitottawapasses.ca\/wp-content\/uploads\/2026\/03\/visit-ottawa-passes-nov-templates4-640x360.jpg 640w, https:\/\/visitottawapasses.ca\/wp-content\/uploads\/2026\/03\/visit-ottawa-passes-nov-templates4-960x540.jpg 960w\" sizes=\"auto, (max-width: 1024px) 100vw, 1024px\" \/><\/figure>\n\n\n\n<div class=\"wp-block-group d-flex flex-column flex-fill has-white-background-color has-background is-content-justification-left is-layout-constrained wp-container-core-group-is-layout-7fb2ec9e wp-block-group-is-layout-constrained\" style=\"margin-top:0;margin-bottom:0;padding-top:var(--wp--preset--spacing--50);padding-right:var(--wp--preset--spacing--50);padding-bottom:var(--wp--preset--spacing--50);padding-left:var(--wp--preset--spacing--50)\">\n<h3 class=\"wp-block-heading has-red-darken-color has-text-color\"><a href=\"https:\/\/visitottawapasses.ca\/fr\/musees\/\">Passe mus\u00e9es d&#8217;Ottawa<\/a><\/h3>\n\n\n\n<p class=\"d-none has-small-font-size\" style=\"margin-top:var(--wp--preset--spacing--20);margin-bottom:var(--wp--preset--spacing--20)\"><strong>Use Promo Code <mark style=\"background-color:rgba(0, 0, 0, 0)\" class=\"has-inline-color has-red-darken-color\">Winter30<\/mark><\/strong><\/p>\n\n\n\n<p>D\u00e9couvrez 9 mus\u00e9es et galeries d\u2019art pour un prix bas unique. Choisissez une passe d\u2019une journ\u00e9e ou de trois jours et \u00e9conomisez sur les droits\u00a0d\u2019entr\u00e9e!\u00a0<\/p>\n\n\n\n<div class=\"wp-block-group flex-fill is-vertical is-layout-flex wp-container-core-group-is-layout-fed7e1b2 wp-block-group-is-layout-flex\">\n<div class=\"wp-block-buttons is-layout-flex wp-container-core-buttons-is-layout-9bedd9bf wp-block-buttons-is-layout-flex\">\n<div class=\"wp-block-button\" onclick=\"bwpcart.showAddToCart(event); return false;\" data-bwitemtype=\"deal\" data-bwitemid=\"5936\"><a class=\"wp-block-button__link has-red-darken-background-color has-background wp-element-button\" href=\"https:\/\/visitottawapasses.ca\/fr\/musees\/\">En savoir plus<\/a><\/div>\n<\/div>\n<\/div>\n<\/div>\n<\/div>\n<\/div>\n","protected":false},"excerpt":{"rendered":"<p>Passes s\u00e9jour d&#8217;Ottawa Les passes s\u00e9jour d&#8217;Ottawa sont un moyen abordable de d\u00e9couvrir les attractions et les activit\u00e9s les plus&nbsp;populaires&nbsp;d&#8217;Ottawa.Choisissez votre passe et pr\u00e9parez-vous \u00e0 l&#8217;aventure, \u00e0 la d\u00e9couverte&nbsp;et&nbsp;au&nbsp;plaisir! Choisissez votre&nbsp;passe Passe s\u00e9jour d&#8217;Ottawa La Passe s\u00e9jour d\u2019Ottawa vous donne acc\u00e8s \u00e0 votre choix de cinq attractions\/exp\u00e9riences haut de gamme, ainsi qu\u2019\u00e0 d\u2019excellents rabais sur [&hellip;]<\/p>\n","protected":false},"author":2,"featured_media":1436,"parent":0,"menu_order":0,"comment_status":"closed","ping_status":"closed","template":"","meta":{"_acf_changed":false,"footnotes":""},"class_list":["post-1136","page","type-page","status-publish","has-post-thumbnail","hentry"],"acf":[],"_links":{"self":[{"href":"https:\/\/visitottawapasses.ca\/fr\/wp-json\/wp\/v2\/pages\/1136","targetHints":{"allow":["GET"]}}],"collection":[{"href":"https:\/\/visitottawapasses.ca\/fr\/wp-json\/wp\/v2\/pages"}],"about":[{"href":"https:\/\/visitottawapasses.ca\/fr\/wp-json\/wp\/v2\/types\/page"}],"author":[{"embeddable":true,"href":"https:\/\/visitottawapasses.ca\/fr\/wp-json\/wp\/v2\/users\/2"}],"replies":[{"embeddable":true,"href":"https:\/\/visitottawapasses.ca\/fr\/wp-json\/wp\/v2\/comments?post=1136"}],"version-history":[{"count":37,"href":"https:\/\/visitottawapasses.ca\/fr\/wp-json\/wp\/v2\/pages\/1136\/revisions"}],"predecessor-version":[{"id":3098,"href":"https:\/\/visitottawapasses.ca\/fr\/wp-json\/wp\/v2\/pages\/1136\/revisions\/3098"}],"wp:featuredmedia":[{"embeddable":true,"href":"https:\/\/visitottawapasses.ca\/fr\/wp-json\/wp\/v2\/media\/1436"}],"wp:attachment":[{"href":"https:\/\/visitottawapasses.ca\/fr\/wp-json\/wp\/v2\/media?parent=1136"}],"curies":[{"name":"wp","href":"https:\/\/api.w.org\/{rel}","templated":true}]}}